{"id":7,"date":"2021-05-26T21:39:07","date_gmt":"2021-05-26T21:39:07","guid":{"rendered":"https:\/\/stieve.com\/?page_id=7"},"modified":"2026-04-04T14:11:36","modified_gmt":"2026-04-04T14:11:36","slug":"index","status":"publish","type":"page","link":"https:\/\/stieve.com\/gb\/","title":{"rendered":"Start"},"content":{"rendered":"<h1><span style=\"color: #000000;\">Belinde Ruth Stieve\u00a0<\/span><\/h1>\n<p><span style=\"color: #336699;\"><img loading=\"lazy\" decoding=\"async\" class=\"alignnone wp-image-87 size-full\" title=\"BRS Filmschauspielerin\" src=\"https:\/\/stieve.com\/wp-content\/uploads\/2021\/05\/belinderuthstieve.png\" alt=\"Belinde Ruth Stieve. Foto Dagmar Morath\" width=\"118\" height=\"136\" \/> \u00a0 <a href=\"https:\/\/stieve.com\/biographie\"><img loading=\"lazy\" decoding=\"async\" class=\"alignnone wp-image-11 size-full\" title=\"BRS Biographie\" src=\"https:\/\/stieve.com\/wp-content\/uploads\/2021\/05\/logo_brs.jpg\" alt=\"Belinde Ruth Stieve, Logo\" width=\"118\" height=\"136\" \/><\/a> <\/span><\/p>\n<h2>Projekte aktiv<\/h2>\n<p><span style=\"color: #336699;\"><a style=\"color: #336699;\" href=\"https:\/\/schspin.stieve.com\/\" target=\"_blank\" rel=\"noopener\"><img loading=\"lazy\" decoding=\"async\" class=\"alignnone wp-image-10 size-full\" title=\"SchspIN - Gedanken einer Schauspielerin. Blog. Analysen und Kommentare. \" src=\"https:\/\/stieve.com\/wp-content\/uploads\/2021\/05\/logo_SchspIN.jpg\" alt=\"Logo: SchspIN - Gedanken einer Schauspielerin.\" width=\"118\" height=\"136\" \/><\/a> \u00a0 <\/span><a href=\"https:\/\/neropa.stieve.com\/\" target=\"_blank\" rel=\"noopener\"><img loading=\"lazy\" decoding=\"async\" class=\"alignnone wp-image-170\" title=\"NEROPA (TM) - Neutrale Rollen Parit\u00e4t. Methode. Gender &amp; Divsity Tool.\" src=\"https:\/\/stieve.com\/wp-content\/uploads\/2022\/07\/NEROPA-logo-kreis_kl.png\" alt=\"\" width=\"136\" height=\"135\" \/><\/a><span style=\"color: #336699;\">\u00a0 \u00a0\u00a0\u00a0\u00a0 <a href=\"https:\/\/expertise.stieve.com\/\"><img loading=\"lazy\" decoding=\"async\" class=\"alignnone wp-image-189 size-full\" title=\"Experstieve - Gleichberechtigung &amp; Vielfalt\" src=\"https:\/\/stieve.com\/wp-content\/uploads\/2022\/07\/logo-expertise-kl.png\" alt=\"\" width=\"120\" height=\"138\" \/><\/a>\u00a0\u00a0\u00a0\u00a0\u00a0<a href=\"https:\/\/filmfamilie.stieve.com\/\" target=\"_blank\" rel=\"noopener\"><img loading=\"lazy\" decoding=\"async\" class=\"alignnone wp-image-199\" title=\"Wie wollen wir arbeiten? Alles f\u00fcr die Filmfamilie\" src=\"https:\/\/stieve.com\/wp-content\/uploads\/2025\/01\/Logo_Filmfamilie_kl.png\" alt=\"\" width=\"135\" height=\"125\" \/><\/a> \u00a0 \u00a0<\/span><span style=\"color: #336699;\">\u00a0\u00a0\u00a0<\/span><a href=\"https:\/\/gelesenheiten.stieve.com\/\" target=\"_blank\" rel=\"noopener\"><img loading=\"lazy\" decoding=\"async\" class=\"alignnone wp-image-39 size-full\" title=\"Gelesenheiten - inszenierte Literatur f\u00fcr jeden Anlass\" src=\"https:\/\/stieve.com\/wp-content\/uploads\/2021\/05\/logo_gelesenheiten.jpg\" alt=\"Logo Gelesenheiten - inszenierte Literatur f\u00fcr jeden Anlass.\" width=\"118\" height=\"136\" \/><\/a><\/p>\n<p><a href=\"https:\/\/stieve.com\/sara-sagt-comic\"><img loading=\"lazy\" decoding=\"async\" class=\"alignnone wp-image-191 size-full\" title=\"Sara sagt. Comic.\" src=\"https:\/\/stieve.com\/wp-content\/uploads\/2022\/07\/Logo_Sara-sagt_kl.png\" alt=\"\" width=\"135\" height=\"138\" \/><\/a><\/p>\n<h2>Projekte ruhend<\/h2>\n<p><span style=\"color: #336699;\">\u00a0 \u00a0<img loading=\"lazy\" decoding=\"async\" class=\"alignnone wp-image-40 size-full\" title=\"Ich schweige so laut ich kann. Werkstatt f\u00fcr eine ver\u00e4nderte innere und \u00e4u\u00dfere Haltung\" src=\"https:\/\/stieve.com\/wp-content\/uploads\/2021\/05\/logo_werkstatt.jpg\" alt=\"Logo Ich schweige so laut ich kann. Werkstatt von Belinde Ruth Stieve\" width=\"118\" height=\"136\" \/> \u00a0 <img loading=\"lazy\" decoding=\"async\" class=\"alignnone wp-image-41 size-full\" title=\"BRS Filmproduktionen\" src=\"https:\/\/stieve.com\/wp-content\/uploads\/2021\/05\/filme_logo.jpg\" alt=\"Logo Filmproduktionen von Belinde Ruth Stieve.\" width=\"118\" height=\"136\" \/> \u00a0\u00a0 <img loading=\"lazy\" decoding=\"async\" class=\"alignnone wp-image-42 size-full\" title=\"Wolke Nord. Ma\u00dfgeschneiderte L\u00f6sungen\" src=\"https:\/\/stieve.com\/wp-content\/uploads\/2021\/05\/logo_WolkeNord.jpg\" alt=\"Logo Wolke Nord - Coaching\" width=\"118\" height=\"136\" \/><\/span><\/p>\n<p>&nbsp;<\/p>\n<p>&nbsp;<\/p>\n<p>&nbsp;<\/p>\n<h3><span style=\"color: #336699;\">Kontakt<\/span><\/h3>\n<p><span style=\"color: #336699;\"><a href=\"mailto:kontakt1@stieve.com\" target=\"_blank\" rel=\"noopener\">kontakt1 (at) stieve (dot) com<\/a><\/span><\/p>\n<p style=\"text-align: right;\"><a href=\"https:\/\/stieve.com\/impressum-datenschutz\">Impressum und Datenschutz<\/a><\/p>\n<p><span style=\"font-family: Verdana; color: #336699;\">\u00a0<\/span><\/p>\n","protected":false},"excerpt":{"rendered":"<p>Belinde Ruth Stieve\u00a0 \u00a0 Projekte aktiv \u00a0 \u00a0 \u00a0\u00a0\u00a0\u00a0 \u00a0\u00a0\u00a0\u00a0\u00a0 \u00a0 \u00a0\u00a0\u00a0\u00a0 Projekte ruhend \u00a0 \u00a0 \u00a0 \u00a0\u00a0 &nbsp; &nbsp; &nbsp; Kontakt kontakt1 (at) stieve (dot) com Impressum und Datenschutz \u00a0<\/p>\n","protected":false},"author":1,"featured_media":0,"parent":0,"menu_order":0,"comment_status":"closed","ping_status":"closed","template":"","meta":{"footnotes":""},"class_list":["post-7","page","type-page","status-publish","czr-hentry"],"translation":{"provider":"WPGlobus","version":"3.0.2","language":"gb","enabled_languages":["de","gb"],"languages":{"de":{"title":true,"content":true,"excerpt":false},"gb":{"title":false,"content":false,"excerpt":false}}},"yoast_head":"<!-- This site is optimized with the Yoast SEO plugin v27.6 - https:\/\/yoast.com\/product\/yoast-seo-wordpress\/ -->\n<title>Start - Belinde Ruth Stieve - Schauspielerin und Expertin.<\/title>\n<meta name=\"robots\" content=\"index, follow, max-snippet:-1, max-image-preview:large, max-video-preview:-1\" \/>\n<link rel=\"canonical\" href=\"https:\/\/stieve.com\/\" \/>\n<meta property=\"og:locale\" content=\"en_GB\" \/>\n<meta property=\"og:type\" content=\"article\" \/>\n<meta property=\"og:title\" content=\"Start - Belinde Ruth Stieve\" \/>\n<meta property=\"og:url\" content=\"https:\/\/stieve.com\/\" \/>\n<meta property=\"og:site_name\" content=\"Belinde Ruth Stieve\" \/>\n<meta property=\"article:modified_time\" content=\"2026-04-04T14:11:36+00:00\" \/>\n<meta property=\"og:image\" content=\"https:\/\/stieve.com\/wp-content\/uploads\/2021\/05\/belinderuthstieve.png\" \/>\n\t<meta property=\"og:image:width\" content=\"118\" \/>\n\t<meta property=\"og:image:height\" content=\"136\" \/>\n\t<meta property=\"og:image:type\" content=\"image\/png\" \/>\n<meta name=\"twitter:card\" content=\"summary_large_image\" \/>\n<meta name=\"twitter:label1\" content=\"Est. reading time\" \/>\n\t<meta name=\"twitter:data1\" content=\"3 minutes\" \/>\n<script type=\"application\/ld+json\" class=\"yoast-schema-graph\">{\"@context\":\"https:\\\/\\\/schema.org\",\"@graph\":[{\"@type\":\"WebPage\",\"@id\":\"https:\\\/\\\/stieve.com\\\/\",\"url\":\"https:\\\/\\\/stieve.com\\\/\",\"name\":\"Start - Belinde Ruth Stieve - Schauspielerin und Expertin.\",\"isPartOf\":{\"@id\":\"https:\\\/\\\/stieve.com\\\/#website\"},\"primaryImageOfPage\":{\"@id\":\"https:\\\/\\\/stieve.com\\\/#primaryimage\"},\"image\":{\"@id\":\"https:\\\/\\\/stieve.com\\\/#primaryimage\"},\"thumbnailUrl\":\"https:\\\/\\\/stieve.com\\\/wp-content\\\/uploads\\\/2021\\\/05\\\/belinderuthstieve.png\",\"datePublished\":\"2021-05-26T21:39:07+00:00\",\"dateModified\":\"2026-04-04T14:11:36+00:00\",\"description\":\"\u00dcbersicht Projekte der Hamburger Schauspielerin und Expertin Belinde Ruth Stieve, inklusive Biographie und externer Links.\",\"breadcrumb\":{\"@id\":\"https:\\\/\\\/stieve.com\\\/#breadcrumb\"},\"inLanguage\":\"en-GB\",\"potentialAction\":[{\"@type\":\"ReadAction\",\"target\":[\"https:\\\/\\\/stieve.com\\\/\"]}]},{\"@type\":\"ImageObject\",\"inLanguage\":\"en-GB\",\"@id\":\"https:\\\/\\\/stieve.com\\\/#primaryimage\",\"url\":\"https:\\\/\\\/stieve.com\\\/wp-content\\\/uploads\\\/2021\\\/05\\\/belinderuthstieve.png\",\"contentUrl\":\"https:\\\/\\\/stieve.com\\\/wp-content\\\/uploads\\\/2021\\\/05\\\/belinderuthstieve.png\"},{\"@type\":\"BreadcrumbList\",\"@id\":\"https:\\\/\\\/stieve.com\\\/#breadcrumb\",\"itemListElement\":[{\"@type\":\"ListItem\",\"position\":1,\"name\":\"Startseite\",\"item\":\"https:\\\/\\\/stieve.com\\\/\"},{\"@type\":\"ListItem\",\"position\":2,\"name\":\"Start\"}]},{\"@type\":\"WebSite\",\"@id\":\"https:\\\/\\\/stieve.com\\\/#website\",\"url\":\"https:\\\/\\\/stieve.com\\\/\",\"name\":\"Belinde Ruth Stieve\",\"description\":\"\",\"potentialAction\":[{\"@type\":\"SearchAction\",\"target\":{\"@type\":\"EntryPoint\",\"urlTemplate\":\"https:\\\/\\\/stieve.com\\\/?s={search_term_string}\"},\"query-input\":{\"@type\":\"PropertyValueSpecification\",\"valueRequired\":true,\"valueName\":\"search_term_string\"}}],\"inLanguage\":\"en-GB\"}]}<\/script>\n<!-- \/ Yoast SEO plugin. -->","yoast_head_json":{"title":"Start - Belinde Ruth Stieve - Schauspielerin und Expertin.","robots":{"index":"index","follow":"follow","max-snippet":"max-snippet:-1","max-image-preview":"max-image-preview:large","max-video-preview":"max-video-preview:-1"},"canonical":"https:\/\/stieve.com\/","og_locale":"en_GB","og_type":"article","og_title":"Start - Belinde Ruth Stieve","og_url":"https:\/\/stieve.com\/","og_site_name":"Belinde Ruth Stieve","article_modified_time":"2026-04-04T14:11:36+00:00","og_image":[{"width":118,"height":136,"url":"https:\/\/stieve.com\/wp-content\/uploads\/2021\/05\/belinderuthstieve.png","type":"image\/png"}],"twitter_card":"summary_large_image","twitter_misc":{"Est. reading time":"3 minutes"},"schema":{"@context":"https:\/\/schema.org","@graph":[{"@type":"WebPage","@id":"https:\/\/stieve.com\/","url":"https:\/\/stieve.com\/","name":"Start - Belinde Ruth Stieve - Schauspielerin und Expertin.","isPartOf":{"@id":"https:\/\/stieve.com\/#website"},"primaryImageOfPage":{"@id":"https:\/\/stieve.com\/#primaryimage"},"image":{"@id":"https:\/\/stieve.com\/#primaryimage"},"thumbnailUrl":"https:\/\/stieve.com\/wp-content\/uploads\/2021\/05\/belinderuthstieve.png","datePublished":"2021-05-26T21:39:07+00:00","dateModified":"2026-04-04T14:11:36+00:00","description":"\u00dcbersicht Projekte der Hamburger Schauspielerin und Expertin Belinde Ruth Stieve, inklusive Biographie und externer Links.","breadcrumb":{"@id":"https:\/\/stieve.com\/#breadcrumb"},"inLanguage":"en-GB","potentialAction":[{"@type":"ReadAction","target":["https:\/\/stieve.com\/"]}]},{"@type":"ImageObject","inLanguage":"en-GB","@id":"https:\/\/stieve.com\/#primaryimage","url":"https:\/\/stieve.com\/wp-content\/uploads\/2021\/05\/belinderuthstieve.png","contentUrl":"https:\/\/stieve.com\/wp-content\/uploads\/2021\/05\/belinderuthstieve.png"},{"@type":"BreadcrumbList","@id":"https:\/\/stieve.com\/#breadcrumb","itemListElement":[{"@type":"ListItem","position":1,"name":"Startseite","item":"https:\/\/stieve.com\/"},{"@type":"ListItem","position":2,"name":"Start"}]},{"@type":"WebSite","@id":"https:\/\/stieve.com\/#website","url":"https:\/\/stieve.com\/","name":"Belinde Ruth Stieve","description":"","potentialAction":[{"@type":"SearchAction","target":{"@type":"EntryPoint","urlTemplate":"https:\/\/stieve.com\/?s={search_term_string}"},"query-input":{"@type":"PropertyValueSpecification","valueRequired":true,"valueName":"search_term_string"}}],"inLanguage":"en-GB"}]}},"_links":{"self":[{"href":"https:\/\/stieve.com\/gb\/wp-json\/wp\/v2\/pages\/7","targetHints":{"allow":["GET"]}}],"collection":[{"href":"https:\/\/stieve.com\/gb\/wp-json\/wp\/v2\/pages"}],"about":[{"href":"https:\/\/stieve.com\/gb\/wp-json\/wp\/v2\/types\/page"}],"author":[{"embeddable":true,"href":"https:\/\/stieve.com\/gb\/wp-json\/wp\/v2\/users\/1"}],"replies":[{"embeddable":true,"href":"https:\/\/stieve.com\/gb\/wp-json\/wp\/v2\/comments?post=7"}],"version-history":[{"count":99,"href":"https:\/\/stieve.com\/gb\/wp-json\/wp\/v2\/pages\/7\/revisions"}],"predecessor-version":[{"id":223,"href":"https:\/\/stieve.com\/gb\/wp-json\/wp\/v2\/pages\/7\/revisions\/223"}],"wp:attachment":[{"href":"https:\/\/stieve.com\/gb\/wp-json\/wp\/v2\/media?parent=7"}],"curies":[{"name":"wp","href":"https:\/\/api.w.org\/{rel}","templated":true}]}}