{"id":3,"date":"2021-05-26T21:09:48","date_gmt":"2021-05-26T21:09:48","guid":{"rendered":"http:\/\/stieve.com\/?page_id=3"},"modified":"2021-05-27T12:07:11","modified_gmt":"2021-05-27T12:07:11","slug":"impressum-datenschutz","status":"publish","type":"page","link":"https:\/\/stieve.com\/gb\/impressum-datenschutz","title":{"rendered":"Impressum und Datenschutz"},"content":{"rendered":"<p>Impressum:<br \/>\nBelinde Ruth Stieve<br \/>\nwww (dot) stieve (dot) com<br \/>\nkontakt1 (at) stieve (dot) com<\/p>\n<p>ZAV K\u00fcnstlervermittlung<br \/>\nFriedrichstr. 39 &#8211; 10969 Berlin<\/p>\n<p>Datenschutz:<br \/>\nEinige Links auf dieser Seite f\u00fchren zum Teil auf fremde Inhalte, die nicht in unserem Verantwortungsbereich liegen.<br \/>\nEine Haftung f\u00fcr den Inhalt dieser Seiten ist ausgeschlossen.<br \/>\nAlle fremden Inhalte erscheinen in einem neuen Fenster, so dass das Urheberrecht gewahrt bleibt.<br \/>\nFalls durch die Verweisung ein fremdes Recht verletzt sein sollte, bitten wir um unverz\u00fcgliche Nachricht. <\/p>\n<p> Einige Links auf dieser Seite f\u00fchren zum Teil auf fremde Inhalte, die nicht in unserem Verantwortungsbereich liegen.<br \/>\nEine Haftung f\u00fcr den Inhalt dieser Seiten ist ausgeschlossen.<br \/>\nAlle fremden Inhalte erscheinen in einem neuen Fenster, so dass das Urheberrecht gewahrt bleibt.<br \/>\nFalls durch die Verweisung ein fremdes Recht verletzt sein sollte, bitten wir um unverz\u00fcgliche Nachricht.<\/p>\n<p>Wenn Sie unsere Webseite besuchen, ohne aktiv mit uns Kontakt aufzunehmen, verarbeiten wir von Ihnen keinerlei personenbezogene Daten. Unser bei dem Anbieter 1und1 gehostete Webserver speichern lediglich tempor\u00e4r jeden Zugriff in einer Protokolldatei. Diese Access-Logs erfassen Ihre IP-Adresse und ggfs. regionalen Standort des Endger\u00e4ts. Die Verarbeitung dieser Daten erfolgt zum Zweck, unsere Webseite aus technischer Sicht optimal und sicher zu pr\u00e4sentieren. Es erfolgen keine Zusammenf\u00fchrungen mit anderen Informationen oder personenbezogene Auswertungen.<br \/>\nAus technischen Gr\u00fcnden und damit die Seite optimal l\u00e4uft ist es m\u00f6glich, dass wir tempor\u00e4re und dauerhafte Cookies verwenden. Cookies sind kleine Textdateien, die eine Wiedererkennung des Nutzers erm\u00f6glichen. Weiterhin verwenden wir Cookies f\u00fcr anonymisierte statistische Analysezwecke.<\/p>\n","protected":false},"excerpt":{"rendered":"<p>Impressum: Belinde Ruth Stieve www (dot) stieve (dot) com kontakt1 (at) stieve (dot) com ZAV K\u00fcnstlervermittlung Friedrichstr. 39 &#8211; 10969 Berlin Datenschutz: Einige Links auf dieser Seite f\u00fchren zum Teil auf fremde Inhalte, die nicht in unserem Verantwortungsbereich liegen. Eine Haftung f\u00fcr den Inhalt dieser Seiten ist ausgeschlossen. Alle fremden Inhalte erscheinen in einem neuen [&hellip;]<\/p>\n","protected":false},"author":1,"featured_media":0,"parent":0,"menu_order":0,"comment_status":"closed","ping_status":"open","template":"","meta":{"footnotes":""},"class_list":["post-3","page","type-page","status-publish","czr-hentry"],"translation":{"provider":"WPGlobus","version":"3.0.2","language":"gb","enabled_languages":["de","gb"],"languages":{"de":{"title":true,"content":true,"excerpt":false},"gb":{"title":false,"content":false,"excerpt":false}}},"yoast_head":"<!-- This site is optimized with the Yoast SEO plugin v27.6 - https:\/\/yoast.com\/product\/yoast-seo-wordpress\/ -->\n<title>Impressum und Datenschutz - Belinde Ruth Stieve<\/title>\n<meta name=\"robots\" content=\"index, follow, max-snippet:-1, max-image-preview:large, max-video-preview:-1\" \/>\n<link rel=\"canonical\" href=\"https:\/\/stieve.com\/impressum-datenschutz\" \/>\n<meta property=\"og:locale\" content=\"en_GB\" \/>\n<meta property=\"og:type\" content=\"article\" \/>\n<meta property=\"og:title\" content=\"Impressum und Datenschutz - Belinde Ruth Stieve\" \/>\n<meta property=\"og:url\" content=\"https:\/\/stieve.com\/impressum-datenschutz\" \/>\n<meta property=\"og:site_name\" content=\"Belinde Ruth Stieve\" \/>\n<meta property=\"article:modified_time\" content=\"2021-05-27T12:07:11+00:00\" \/>\n<meta name=\"twitter:card\" content=\"summary_large_image\" \/>\n<meta name=\"twitter:label1\" content=\"Est. reading time\" \/>\n\t<meta name=\"twitter:data1\" content=\"1 minute\" \/>\n<script type=\"application\/ld+json\" class=\"yoast-schema-graph\">{\"@context\":\"https:\\\/\\\/schema.org\",\"@graph\":[{\"@type\":\"WebPage\",\"@id\":\"https:\\\/\\\/stieve.com\\\/impressum-datenschutz\",\"url\":\"https:\\\/\\\/stieve.com\\\/impressum-datenschutz\",\"name\":\"Impressum und Datenschutz - Belinde Ruth Stieve\",\"isPartOf\":{\"@id\":\"https:\\\/\\\/stieve.com\\\/#website\"},\"datePublished\":\"2021-05-26T21:09:48+00:00\",\"dateModified\":\"2021-05-27T12:07:11+00:00\",\"breadcrumb\":{\"@id\":\"https:\\\/\\\/stieve.com\\\/impressum-datenschutz#breadcrumb\"},\"inLanguage\":\"en-GB\",\"potentialAction\":[{\"@type\":\"ReadAction\",\"target\":[\"https:\\\/\\\/stieve.com\\\/impressum-datenschutz\"]}]},{\"@type\":\"BreadcrumbList\",\"@id\":\"https:\\\/\\\/stieve.com\\\/impressum-datenschutz#breadcrumb\",\"itemListElement\":[{\"@type\":\"ListItem\",\"position\":1,\"name\":\"Startseite\",\"item\":\"https:\\\/\\\/stieve.com\\\/\"},{\"@type\":\"ListItem\",\"position\":2,\"name\":\"Impressum und Datenschutz\"}]},{\"@type\":\"WebSite\",\"@id\":\"https:\\\/\\\/stieve.com\\\/#website\",\"url\":\"https:\\\/\\\/stieve.com\\\/\",\"name\":\"Belinde Ruth Stieve\",\"description\":\"\",\"potentialAction\":[{\"@type\":\"SearchAction\",\"target\":{\"@type\":\"EntryPoint\",\"urlTemplate\":\"https:\\\/\\\/stieve.com\\\/?s={search_term_string}\"},\"query-input\":{\"@type\":\"PropertyValueSpecification\",\"valueRequired\":true,\"valueName\":\"search_term_string\"}}],\"inLanguage\":\"en-GB\"}]}<\/script>\n<!-- \/ Yoast SEO plugin. -->","yoast_head_json":{"title":"Impressum und Datenschutz - Belinde Ruth Stieve","robots":{"index":"index","follow":"follow","max-snippet":"max-snippet:-1","max-image-preview":"max-image-preview:large","max-video-preview":"max-video-preview:-1"},"canonical":"https:\/\/stieve.com\/impressum-datenschutz","og_locale":"en_GB","og_type":"article","og_title":"Impressum und Datenschutz - Belinde Ruth Stieve","og_url":"https:\/\/stieve.com\/impressum-datenschutz","og_site_name":"Belinde Ruth Stieve","article_modified_time":"2021-05-27T12:07:11+00:00","twitter_card":"summary_large_image","twitter_misc":{"Est. reading time":"1 minute"},"schema":{"@context":"https:\/\/schema.org","@graph":[{"@type":"WebPage","@id":"https:\/\/stieve.com\/impressum-datenschutz","url":"https:\/\/stieve.com\/impressum-datenschutz","name":"Impressum und Datenschutz - Belinde Ruth Stieve","isPartOf":{"@id":"https:\/\/stieve.com\/#website"},"datePublished":"2021-05-26T21:09:48+00:00","dateModified":"2021-05-27T12:07:11+00:00","breadcrumb":{"@id":"https:\/\/stieve.com\/impressum-datenschutz#breadcrumb"},"inLanguage":"en-GB","potentialAction":[{"@type":"ReadAction","target":["https:\/\/stieve.com\/impressum-datenschutz"]}]},{"@type":"BreadcrumbList","@id":"https:\/\/stieve.com\/impressum-datenschutz#breadcrumb","itemListElement":[{"@type":"ListItem","position":1,"name":"Startseite","item":"https:\/\/stieve.com\/"},{"@type":"ListItem","position":2,"name":"Impressum und Datenschutz"}]},{"@type":"WebSite","@id":"https:\/\/stieve.com\/#website","url":"https:\/\/stieve.com\/","name":"Belinde Ruth Stieve","description":"","potentialAction":[{"@type":"SearchAction","target":{"@type":"EntryPoint","urlTemplate":"https:\/\/stieve.com\/?s={search_term_string}"},"query-input":{"@type":"PropertyValueSpecification","valueRequired":true,"valueName":"search_term_string"}}],"inLanguage":"en-GB"}]}},"_links":{"self":[{"href":"https:\/\/stieve.com\/gb\/wp-json\/wp\/v2\/pages\/3","targetHints":{"allow":["GET"]}}],"collection":[{"href":"https:\/\/stieve.com\/gb\/wp-json\/wp\/v2\/pages"}],"about":[{"href":"https:\/\/stieve.com\/gb\/wp-json\/wp\/v2\/types\/page"}],"author":[{"embeddable":true,"href":"https:\/\/stieve.com\/gb\/wp-json\/wp\/v2\/users\/1"}],"replies":[{"embeddable":true,"href":"https:\/\/stieve.com\/gb\/wp-json\/wp\/v2\/comments?post=3"}],"version-history":[{"count":6,"href":"https:\/\/stieve.com\/gb\/wp-json\/wp\/v2\/pages\/3\/revisions"}],"predecessor-version":[{"id":113,"href":"https:\/\/stieve.com\/gb\/wp-json\/wp\/v2\/pages\/3\/revisions\/113"}],"wp:attachment":[{"href":"https:\/\/stieve.com\/gb\/wp-json\/wp\/v2\/media?parent=3"}],"curies":[{"name":"wp","href":"https:\/\/api.w.org\/{rel}","templated":true}]}}