{"id":19,"date":"2021-05-26T21:52:44","date_gmt":"2021-05-26T21:52:44","guid":{"rendered":"https:\/\/stieve.com\/?page_id=19"},"modified":"2026-04-04T11:56:22","modified_gmt":"2026-04-04T11:56:22","slug":"biographie","status":"publish","type":"page","link":"https:\/\/stieve.com\/gb\/biographie","title":{"rendered":"Biographie"},"content":{"rendered":"<h2 align=\"center\"><span style=\"color: #336699;\"><strong>Belinde Ruth Stieve<\/strong><\/span><\/h2>\n<p align=\"center\"><span style=\"color: #336699;\"><strong>Schauspielerin Expertin<\/strong><br \/>\nEhrenmitglied <a href=\"https:\/\/wiftg.de\/\" target=\"_blank\" rel=\"noopener\">WIFT Germany<\/a><br \/>\n<\/span><\/p>\n<p align=\"center\"><span style=\"color: #336699;\">geboren 1967 in Hamburg<br \/>\nSternzeichen: Sch\u00fctze<br \/>\nLinksh\u00e4nderin<\/span><\/p>\n<p align=\"center\"><a href=\"https:\/\/stieve.com\/\"><span style=\"color: #336699;\"><img loading=\"lazy\" decoding=\"async\" class=\"alignnone wp-image-20 size-full\" src=\"https:\/\/stieve.com\/wp-content\/uploads\/2021\/05\/brs_start.jpg\" alt=\"Collage mehrerer Szenenfotos aus Filmen mit Belinde Ruth Stieve\" width=\"810\" height=\"600\" srcset=\"https:\/\/stieve.com\/wp-content\/uploads\/2021\/05\/brs_start.jpg 810w, https:\/\/stieve.com\/wp-content\/uploads\/2021\/05\/brs_start-300x222.jpg 300w, https:\/\/stieve.com\/wp-content\/uploads\/2021\/05\/brs_start-768x569.jpg 768w\" sizes=\"auto, (max-width: 810px) 100vw, 810px\" \/><\/span><\/a><\/p>\n<h1><span style=\"color: #336699;\">Biographie<\/span><\/h1>\n<h3><span style=\"color: #336699;\"><strong>Ausbildung<\/strong>\u00a0 <\/span><\/h3>\n<p><span style=\"color: #336699;\">Freiraum Theaterlabor Bremen. Schule f\u00fcr Schauspiel Hamburg.<br \/>\n<\/span><span style=\"color: #336699;\">Langj\u00e4hrige Besch\u00e4ftigung mit japanischen K\u00fcnsten und\u00a0 japanischen Schauspieltrainings u.a. bei Yoshi Oida (Paris), Tadashi Suzuki und Nahoko Kuboniwa (Shizuoka \/ Japan) und Yuko Ota (Paris \/ Tokyo).<\/span><\/p>\n<h3><span style=\"color: #336699;\"><strong>Film \/ Fernsehen \/ Musikvideos<\/strong><\/span><\/h3>\n<p><span style=\"color: #336699;\"><span class=\"bt-content\">Chasing the Fraud Director (Kino), Echoes of Wisdom (Kino), <\/span>#HEULDOCH (Serie, ZDF), Dschermeni (Kinderserie, ZDF), Brief an mein Leben (ARD), Nele in Berlin (ZDF), Opa, ledig, jung (ARD), Toleranz (ARD Alpha), Tatort Berlin: Der Fall Bruno L\u00fcdke (RBB), SOKO Wismar (ZDF), Haltet die Welt an (ARD), Pfarrer Braun und der Siebte Tempel (ARD), Queue (Kino), Temporary Discomfort (Kino), Acht (Kino), Reise ohne R\u00fcckkehr (Kino), Tanz mit dem Einhorn (Kino), Zum Todesziel der Liebe Leidensgang (Kino), Hinter den D\u00fcnen (Kino),Philipp Johann Thimm: Last Drops (Musikvideo), Pictures: Down under the Hill (Musikvideo),Daniel Kahn &amp; the Painted Bird: March of the Jobless Corps (Musikvideo)<\/span><span style=\"color: #336699;\">\u00a0 u.a.m.<\/span><\/p>\n<h3><span style=\"color: #336699;\"><strong>Theater<\/strong><\/span><\/h3>\n<p><span style=\"color: #336699;\">Engagements in Nord- und S\u00fcddeutschland und Berlin, u.a. Antigone, Unschuld, Zuckerfabrik, Vagina Monologe, Two in One, Gelingt es denn, sich fernzuhalten von alledem?, Amadeus, Boyfriend (Musical),\u00a0 Rumpelstilzchen, Schneewittchen und die sieben Zwerge (als Oberzwerg Alberich!).<\/span><\/p>\n<h3><span style=\"color: #336699;\"><strong>Soloprojekte<\/strong> f\u00fcr die B\u00fchne <\/span><\/h3>\n<p><span style=\"color: #336699;\">Aus der 1994 als einmalig geplanten szenischen Lesung\u00a0<strong>rausche, Engel! ein literarischer Streifzug durch die Drogenerlebnisse unserer Dichter und Denker<\/strong> (Regie\/Dramaturgie Lucia Geis)\u00a0wurde eine erfolgreiche Gastspielreihe in ganz Deutschland (letzte Vorstellung 2006). Es folgten die Solotheaterst\u00fccke\u00a0Schlafe! Was willst Du mehr? (1996-2001) und\u00a0<strong>Sonnensplitter &#8211; dabei fing der Tag noch so gut an<\/strong> (1999-2002, Regie Bianca Blessing). 2002 entwickelte Stieve die <strong>Gelesenheiten &#8211; inszenierte Literatur f\u00fcr jeden Anlass<\/strong>, mit denen sie bereits in allen 16 Bundesl\u00e4ndern gastiert hat.<\/span><\/p>\n<h3><span style=\"color: #336699;\">Autorin <\/span><\/h3>\n<p><span style=\"color: #336699;\">Belinde Ruth Stieve hat Kurzgeschichten verfasst und bereits mehrere Drehb\u00fccher f\u00fcr Kino- und Fernsehfilme sowie f\u00fcr ein Serienprojekt entwickelt. Aktuell arbeitet sie an einem Kinderroman.\u00a0<\/span><\/p>\n<h3><span style=\"color: #336699;\"><strong>Expertin<\/strong><br \/>\n<\/span><\/h3>\n<p><span style=\"color: #336699;\">Belinde Ruth Stieve\u00a0betreibt seit 2013 das\u00a0zweisprachige <a href=\"http:\/\/schspin.stieve.com\/\" target=\"_blank\" rel=\"noopener\">Blog<\/a> <strong>SchspIN Gedanken einer Schauspielerin &#8211; An Actress&#8217;s Thoughts<\/strong>, in dem sie eigene empirische Analysen und Kommentare ver\u00f6ffentlicht; schwerpunktm\u00e4\u00dfig zur Situation von Frauen vor und hinter der Kamera.\u00a0<\/span><\/p>\n<p><span style=\"color: #336699;\">2016 entwickelte sie die gesch\u00fctzte <a href=\"http:\/\/neropa.stieve.com\/\">Methode<\/a> <strong>NEROPA &#8211; Neutrale Rollen Parit\u00e4t<\/strong>, ein Gender &amp; Diversity Tool, das den Frauenanteil in einer Gruppe &#8211; sei es ein Drehbuch, ein Roman, eine Tagung, eine G\u00e4steliste u.a.m. erh\u00f6ht. Au\u00dferdem wird die Zusammensetzung der Gruppe diversifiziert.<br \/>\n<\/span><\/p>\n<p><span style=\"color: #336699;\">2024 erarbeitete sie das umfangreiche <a href=\"https:\/\/ffd.proquote-film.de\/\" target=\"_blank\" rel=\"noopener\">Ratgeber- und Informationsportal<\/a> <strong>Familienfreundliches Drehen<\/strong> (im Auftrag von Pro Quote Film). 2024 launchte sie ebenfalls die eigene <a href=\"https:\/\/filmfamilie.stieve.com\/\" target=\"_blank\" rel=\"noopener\">Webseite<\/a> <strong>Alles f\u00fcr die Filmfamilie<\/strong>., in der sie als einen Schwerpunkt das Thema Vereinbarkeit speziell (aber nicht nur) in der Filmarbeit weiter vertieft.<\/span><\/p>\n<p><span style=\"color: #336699;\">Stieve ist eine gefragte Analystin, Rednerin, Kommentatorin und Beraterin. Sie f\u00fchrt Auftragsstudien und andere Arbeiten durch. Anfragen und Informationen \u00fcber die <a style=\"color: #336699;\" href=\"https:\/\/expertise.stieve.com\/\" target=\"_blank\" rel=\"noopener\">Seite<\/a> <strong>Experstieve &#8211; Gleichberechtigung &amp; Vielfalt<\/strong>.<br \/>\n<\/span><\/p>\n<h3><span style=\"color: #336699;\"><strong>Auszeichnungen<\/strong><\/span><\/h3>\n<p><span style=\"color: #336699;\">Bamberger Reiter \/ Preis der Jugendjury 2014: Schwarze Schafe<\/span><br \/>\n<span style=\"color: #336699;\">Bestes Drama beim Landesfilmfestival Berlin Brandenburg 2014: Temporary Discomfort<\/span><br \/>\n<span style=\"color: #336699;\">Publikumspreis im Wettbewerb &#8220;Tatort Oldenburg&#8221; 2007: Zum Todesziel der Liebe Leidensgang<\/span><br \/>\n<span style=\"color: #336699;\">2. Preis Internationale Umweltfilmtage Bremen 2003 &#8220;Die s\u00fc\u00dfe Versuchung&#8221;: Ein kurzer Film \u00fcber das \u00d6ffnen von Schoko-Eiern<\/span><br \/>\n<span style=\"color: #336699;\">Fighting Spirit Preis Norddeutsche Iaido-Meisterschaften 2008 (Einzelauszeichnung)<\/span><br \/>\n<span style=\"color: #336699;\">2. Platz Norddeutsche Iaido-Meisterschaften 2008 (Teamwettbewerb)<\/span><\/p>\n<p><span style=\"color: #336699;\">M\u00e4rz 2020 Mitglied der 3-k\u00f6pfigen Wettbewerbsjury beim Deutschen <a href=\"http:\/\/fernsehkrimifestival.de\/\" target=\"_blank\" rel=\"noopener\">Fernsehkrimifestival<\/a> in Wiesbaden.<\/span><\/p>\n<h3><strong><span style=\"color: #336699;\">Freizeit<\/span><\/strong><\/h3>\n<p><span style=\"color: #336699;\">Zu ihren Vergn\u00fcgungen geh\u00f6ren neben Fotografie und Zeichnen unter anderem Langstreckenlauf (5.000 und 10.000 m, Halbmarathon in Riga 2017) und ihr Terrier.<br \/>\n<\/span><\/p>\n<p style=\"text-align: center;\"><a href=\"https:\/\/stieve.com\/\">zur\u00fcck zur Startseite<\/a><\/p>\n<p style=\"text-align: right;\"><a href=\"https:\/\/stieve.com\/impressum-datenschutz\">Impressum \/ Datenschutz<\/a><\/p>\n<p style=\"text-align: center;\">\n","protected":false},"excerpt":{"rendered":"<p>Belinde Ruth Stieve Schauspielerin Expertin Ehrenmitglied WIFT Germany geboren 1967 in Hamburg Sternzeichen: Sch\u00fctze Linksh\u00e4nderin Biographie Ausbildung\u00a0 Freiraum Theaterlabor Bremen. Schule f\u00fcr Schauspiel Hamburg. Langj\u00e4hrige Besch\u00e4ftigung mit japanischen K\u00fcnsten und\u00a0 japanischen Schauspieltrainings u.a. bei Yoshi Oida (Paris), Tadashi Suzuki und Nahoko Kuboniwa (Shizuoka \/ Japan) und Yuko Ota (Paris \/ Tokyo). Film \/ Fernsehen \/ [&hellip;]<\/p>\n","protected":false},"author":1,"featured_media":0,"parent":0,"menu_order":0,"comment_status":"closed","ping_status":"closed","template":"","meta":{"footnotes":""},"class_list":["post-19","page","type-page","status-publish","czr-hentry"],"translation":{"provider":"WPGlobus","version":"3.0.2","language":"gb","enabled_languages":["de","gb"],"languages":{"de":{"title":true,"content":true,"excerpt":false},"gb":{"title":false,"content":false,"excerpt":false}}},"yoast_head":"<!-- This site is optimized with the Yoast SEO plugin v27.6 - https:\/\/yoast.com\/product\/yoast-seo-wordpress\/ -->\n<title>Biographie - Belinde Ruth Stieve - Schauspielerin und Expertin.<\/title>\n<meta name=\"robots\" content=\"index, follow, max-snippet:-1, max-image-preview:large, max-video-preview:-1\" \/>\n<link rel=\"canonical\" href=\"https:\/\/stieve.com\/biographie\" \/>\n<meta property=\"og:locale\" content=\"en_GB\" \/>\n<meta property=\"og:type\" content=\"article\" \/>\n<meta property=\"og:title\" content=\"Biographie - Belinde Ruth Stieve\" \/>\n<meta property=\"og:url\" content=\"https:\/\/stieve.com\/biographie\" \/>\n<meta property=\"og:site_name\" content=\"Belinde Ruth Stieve\" \/>\n<meta property=\"article:modified_time\" content=\"2026-04-04T11:56:22+00:00\" \/>\n<meta property=\"og:image\" content=\"https:\/\/stieve.com\/wp-content\/uploads\/2021\/05\/brs_start.jpg\" \/>\n\t<meta property=\"og:image:width\" content=\"810\" \/>\n\t<meta property=\"og:image:height\" content=\"600\" \/>\n\t<meta property=\"og:image:type\" content=\"image\/jpeg\" \/>\n<meta name=\"twitter:card\" content=\"summary_large_image\" \/>\n<meta name=\"twitter:label1\" content=\"Est. reading time\" \/>\n\t<meta name=\"twitter:data1\" content=\"4 minutes\" \/>\n<script type=\"application\/ld+json\" class=\"yoast-schema-graph\">{\"@context\":\"https:\\\/\\\/schema.org\",\"@graph\":[{\"@type\":\"WebPage\",\"@id\":\"https:\\\/\\\/stieve.com\\\/biographie\",\"url\":\"https:\\\/\\\/stieve.com\\\/biographie\",\"name\":\"Biographie - Belinde Ruth Stieve - Schauspielerin und Expertin.\",\"isPartOf\":{\"@id\":\"https:\\\/\\\/stieve.com\\\/#website\"},\"primaryImageOfPage\":{\"@id\":\"https:\\\/\\\/stieve.com\\\/biographie#primaryimage\"},\"image\":{\"@id\":\"https:\\\/\\\/stieve.com\\\/biographie#primaryimage\"},\"thumbnailUrl\":\"https:\\\/\\\/stieve.com\\\/wp-content\\\/uploads\\\/2021\\\/05\\\/brs_start.jpg\",\"datePublished\":\"2021-05-26T21:52:44+00:00\",\"dateModified\":\"2026-04-04T11:56:22+00:00\",\"description\":\"Biographie der Schauspielerin und Expertin Belinde Ruth Stieve: Film-, Theater- und Soloprojekte. Filmpolitik, Coaching, Comics.\",\"breadcrumb\":{\"@id\":\"https:\\\/\\\/stieve.com\\\/biographie#breadcrumb\"},\"inLanguage\":\"en-GB\",\"potentialAction\":[{\"@type\":\"ReadAction\",\"target\":[\"https:\\\/\\\/stieve.com\\\/biographie\"]}]},{\"@type\":\"ImageObject\",\"inLanguage\":\"en-GB\",\"@id\":\"https:\\\/\\\/stieve.com\\\/biographie#primaryimage\",\"url\":\"https:\\\/\\\/stieve.com\\\/wp-content\\\/uploads\\\/2021\\\/05\\\/brs_start.jpg\",\"contentUrl\":\"https:\\\/\\\/stieve.com\\\/wp-content\\\/uploads\\\/2021\\\/05\\\/brs_start.jpg\"},{\"@type\":\"BreadcrumbList\",\"@id\":\"https:\\\/\\\/stieve.com\\\/biographie#breadcrumb\",\"itemListElement\":[{\"@type\":\"ListItem\",\"position\":1,\"name\":\"Startseite\",\"item\":\"https:\\\/\\\/stieve.com\\\/\"},{\"@type\":\"ListItem\",\"position\":2,\"name\":\"Biographie\"}]},{\"@type\":\"WebSite\",\"@id\":\"https:\\\/\\\/stieve.com\\\/#website\",\"url\":\"https:\\\/\\\/stieve.com\\\/\",\"name\":\"Belinde Ruth Stieve\",\"description\":\"\",\"potentialAction\":[{\"@type\":\"SearchAction\",\"target\":{\"@type\":\"EntryPoint\",\"urlTemplate\":\"https:\\\/\\\/stieve.com\\\/?s={search_term_string}\"},\"query-input\":{\"@type\":\"PropertyValueSpecification\",\"valueRequired\":true,\"valueName\":\"search_term_string\"}}],\"inLanguage\":\"en-GB\"}]}<\/script>\n<!-- \/ Yoast SEO plugin. -->","yoast_head_json":{"title":"Biographie - Belinde Ruth Stieve - Schauspielerin und Expertin.","robots":{"index":"index","follow":"follow","max-snippet":"max-snippet:-1","max-image-preview":"max-image-preview:large","max-video-preview":"max-video-preview:-1"},"canonical":"https:\/\/stieve.com\/biographie","og_locale":"en_GB","og_type":"article","og_title":"Biographie - Belinde Ruth Stieve","og_url":"https:\/\/stieve.com\/biographie","og_site_name":"Belinde Ruth Stieve","article_modified_time":"2026-04-04T11:56:22+00:00","og_image":[{"width":810,"height":600,"url":"https:\/\/stieve.com\/wp-content\/uploads\/2021\/05\/brs_start.jpg","type":"image\/jpeg"}],"twitter_card":"summary_large_image","twitter_misc":{"Est. reading time":"4 minutes"},"schema":{"@context":"https:\/\/schema.org","@graph":[{"@type":"WebPage","@id":"https:\/\/stieve.com\/biographie","url":"https:\/\/stieve.com\/biographie","name":"Biographie - Belinde Ruth Stieve - Schauspielerin und Expertin.","isPartOf":{"@id":"https:\/\/stieve.com\/#website"},"primaryImageOfPage":{"@id":"https:\/\/stieve.com\/biographie#primaryimage"},"image":{"@id":"https:\/\/stieve.com\/biographie#primaryimage"},"thumbnailUrl":"https:\/\/stieve.com\/wp-content\/uploads\/2021\/05\/brs_start.jpg","datePublished":"2021-05-26T21:52:44+00:00","dateModified":"2026-04-04T11:56:22+00:00","description":"Biographie der Schauspielerin und Expertin Belinde Ruth Stieve: Film-, Theater- und Soloprojekte. Filmpolitik, Coaching, Comics.","breadcrumb":{"@id":"https:\/\/stieve.com\/biographie#breadcrumb"},"inLanguage":"en-GB","potentialAction":[{"@type":"ReadAction","target":["https:\/\/stieve.com\/biographie"]}]},{"@type":"ImageObject","inLanguage":"en-GB","@id":"https:\/\/stieve.com\/biographie#primaryimage","url":"https:\/\/stieve.com\/wp-content\/uploads\/2021\/05\/brs_start.jpg","contentUrl":"https:\/\/stieve.com\/wp-content\/uploads\/2021\/05\/brs_start.jpg"},{"@type":"BreadcrumbList","@id":"https:\/\/stieve.com\/biographie#breadcrumb","itemListElement":[{"@type":"ListItem","position":1,"name":"Startseite","item":"https:\/\/stieve.com\/"},{"@type":"ListItem","position":2,"name":"Biographie"}]},{"@type":"WebSite","@id":"https:\/\/stieve.com\/#website","url":"https:\/\/stieve.com\/","name":"Belinde Ruth Stieve","description":"","potentialAction":[{"@type":"SearchAction","target":{"@type":"EntryPoint","urlTemplate":"https:\/\/stieve.com\/?s={search_term_string}"},"query-input":{"@type":"PropertyValueSpecification","valueRequired":true,"valueName":"search_term_string"}}],"inLanguage":"en-GB"}]}},"_links":{"self":[{"href":"https:\/\/stieve.com\/gb\/wp-json\/wp\/v2\/pages\/19","targetHints":{"allow":["GET"]}}],"collection":[{"href":"https:\/\/stieve.com\/gb\/wp-json\/wp\/v2\/pages"}],"about":[{"href":"https:\/\/stieve.com\/gb\/wp-json\/wp\/v2\/types\/page"}],"author":[{"embeddable":true,"href":"https:\/\/stieve.com\/gb\/wp-json\/wp\/v2\/users\/1"}],"replies":[{"embeddable":true,"href":"https:\/\/stieve.com\/gb\/wp-json\/wp\/v2\/comments?post=19"}],"version-history":[{"count":47,"href":"https:\/\/stieve.com\/gb\/wp-json\/wp\/v2\/pages\/19\/revisions"}],"predecessor-version":[{"id":221,"href":"https:\/\/stieve.com\/gb\/wp-json\/wp\/v2\/pages\/19\/revisions\/221"}],"wp:attachment":[{"href":"https:\/\/stieve.com\/gb\/wp-json\/wp\/v2\/media?parent=19"}],"curies":[{"name":"wp","href":"https:\/\/api.w.org\/{rel}","templated":true}]}}